{"id":1130,"date":"2021-05-07T09:00:10","date_gmt":"2021-05-07T07:00:10","guid":{"rendered":"https:\/\/blog.tiraquelibras.com\/?page_id=1130"},"modified":"2021-05-07T09:08:37","modified_gmt":"2021-05-07T07:08:37","slug":"el-blog","status":"publish","type":"page","link":"https:\/\/blog.tiraquelibras.com\/?page_id=1130","title":{"rendered":"El blog"},"content":{"rendered":"\n<p>Este blog ha sido creado con un doble fin, tener un repositorio personal y compartir esta informaci\u00f3n. El objetivo es publicar art\u00edculos relacionados con <strong><em>Ciberseguridad<\/em> <\/strong>y <strong><em>Tecnolog\u00edas de la Informaci\u00f3n,<\/em><\/strong>&nbsp;abarcando informaci\u00f3n variada como el uso de herramientas de seguridad (Pentesting, Gathering, &#8230;) o la administraci\u00f3n de sistemas, bases de datos, programaci\u00f3n, normativa en materia de seguridad, &#8230; Todo esto escrito desde el conocimiento y experiencia personales.<\/p>\n\n\n\n<p>Cualquier difusi\u00f3n de su contenido est\u00e1 completamente permitida, aunque se agradece una rese\u00f1a a este blog como la fuente de la informaci\u00f3n.<\/p>\n\n\n\n<p>Este es un espacio m\u00e1s de entre todos los que ya existen, nada nuevo, pero compartiendo el conocimiento enriquecemos una comunidad cada vez m\u00e1s grande y conectada.<\/p>\n\n\n\n<figure class=\"wp-block-gallery aligncenter columns-1 is-cropped wp-block-gallery-1 is-layout-flex wp-block-gallery-is-layout-flex\"><ul class=\"blocks-gallery-grid\"><li class=\"blocks-gallery-item\"><figure><img loading=\"lazy\" decoding=\"async\" width=\"1280\" height=\"918\" src=\"https:\/\/blog.tiraquelibras.com\/wp-content\/uploads\/2018\/04\/teamwork-3276694_1280.jpg\" alt=\"\" data-id=\"56\" data-full-url=\"https:\/\/blog.tiraquelibras.com\/wp-content\/uploads\/2018\/04\/teamwork-3276694_1280.jpg\" data-link=\"https:\/\/blog.tiraquelibras.com\/?attachment_id=56\" class=\"wp-image-56\"\/><\/figure><\/li><\/ul><\/figure>\n\n\n\n<p>Espero y deseo que este espacio sea de utilidad para todo el mundo que lo visite, y recuerda, si algo funciona \u00abtira que libras!!!\u00bb \ud83d\ude00<\/p>\n","protected":false},"excerpt":{"rendered":"<p>Este blog ha sido creado con un doble fin, tener un repositorio personal y compartir esta informaci\u00f3n. El objetivo es publicar art\u00edculos relacionados con Ciberseguridad<span class=\"read-more-link\"><a class=\"read-more\" href=\"https:\/\/blog.tiraquelibras.com\/?page_id=1130\">Read More<\/a><\/span><\/p>\n","protected":false},"author":1,"featured_media":0,"parent":0,"menu_order":0,"comment_status":"closed","ping_status":"closed","template":"","meta":{"footnotes":""},"class_list":["post-1130","page","type-page","status-publish","hentry"],"post_mailing_queue_ids":[],"_links":{"self":[{"href":"https:\/\/blog.tiraquelibras.com\/index.php?rest_route=\/wp\/v2\/pages\/1130","targetHints":{"allow":["GET"]}}],"collection":[{"href":"https:\/\/blog.tiraquelibras.com\/index.php?rest_route=\/wp\/v2\/pages"}],"about":[{"href":"https:\/\/blog.tiraquelibras.com\/index.php?rest_route=\/wp\/v2\/types\/page"}],"author":[{"embeddable":true,"href":"https:\/\/blog.tiraquelibras.com\/index.php?rest_route=\/wp\/v2\/users\/1"}],"replies":[{"embeddable":true,"href":"https:\/\/blog.tiraquelibras.com\/index.php?rest_route=%2Fwp%2Fv2%2Fcomments&post=1130"}],"version-history":[{"count":0,"href":"https:\/\/blog.tiraquelibras.com\/index.php?rest_route=\/wp\/v2\/pages\/1130\/revisions"}],"wp:attachment":[{"href":"https:\/\/blog.tiraquelibras.com\/index.php?rest_route=%2Fwp%2Fv2%2Fmedia&parent=1130"}],"curies":[{"name":"wp","href":"https:\/\/api.w.org\/{rel}","templated":true}]}}